{"id":11,"date":"2026-02-20T06:32:35","date_gmt":"2026-02-20T06:32:35","guid":{"rendered":"https:\/\/unicorn.twimp.se\/ilon\/wordpress\/?page_id=11"},"modified":"2026-04-07T19:08:27","modified_gmt":"2026-04-07T19:08:27","slug":"kontakt","status":"publish","type":"page","link":"https:\/\/ilondirdal.se\/index.php\/kontakt\/","title":{"rendered":"Kontakt"},"content":{"rendered":"\n<div class=\"wp-block-stackable-columns stk-block-columns stk-block stk-3a9711a\" data-block-id=\"3a9711a\"><div class=\"stk-row stk-inner-blocks stk-block-content stk-content-align stk-3a9711a-column\">\n<div class=\"wp-block-stackable-column stk-block-column stk-column stk-block stk-9059a55\" data-v=\"4\" data-block-id=\"9059a55\"><div class=\"stk-column-wrapper stk-block-column__content stk-container stk-9059a55-container stk--no-background stk--no-padding\"><div class=\"stk-block-content stk-inner-blocks stk-9059a55-inner-blocks\">\n<figure class=\"wp-block-image size-large has-custom-border\" style=\"margin-top:0;margin-bottom:0\"><img loading=\"lazy\" decoding=\"async\" width=\"851\" height=\"1024\" src=\"https:\/\/ilondirdal.se\/wp-content\/uploads\/2026\/02\/hbtq_terapi_goteborg-e1771862967408-851x1024.jpeg\" alt=\"\" class=\"wp-image-43\" style=\"border-style:none;border-width:0px;aspect-ratio:3\/4;object-fit:cover\" srcset=\"https:\/\/ilondirdal.se\/wp-content\/uploads\/2026\/02\/hbtq_terapi_goteborg-e1771862967408-851x1024.jpeg 851w, https:\/\/ilondirdal.se\/wp-content\/uploads\/2026\/02\/hbtq_terapi_goteborg-e1771862967408-249x300.jpeg 249w, https:\/\/ilondirdal.se\/wp-content\/uploads\/2026\/02\/hbtq_terapi_goteborg-e1771862967408-768x924.jpeg 768w, https:\/\/ilondirdal.se\/wp-content\/uploads\/2026\/02\/hbtq_terapi_goteborg-e1771862967408.jpeg 1180w\" sizes=\"auto, (max-width: 851px) 100vw, 851px\" \/><\/figure>\n\n\n\n<div class=\"wp-block-stackable-text stk-block-text stk-block stk-3b06aae\" data-block-id=\"3b06aae\"><p class=\"stk-block-text__text\"><\/p><\/div>\n<\/div><\/div><\/div>\n\n\n\n<div class=\"wp-block-stackable-column stk-block-column stk-column stk-block stk-83a926a\" data-v=\"4\" data-block-id=\"83a926a\"><div class=\"stk-column-wrapper stk-block-column__content stk-container stk-83a926a-container stk--no-background stk--no-padding\"><div class=\"stk-block-content stk-inner-blocks stk-83a926a-inner-blocks\">\n<p>Samtalen sker online eller p\u00e5 Marketenteriv\u00e4gen 3 i G\u00f6teborg, i ett tillg\u00e4ngligt och NPF-v\u00e4nligt rum.<br><br>Varmt v\u00e4lkommen att h\u00f6ra av dig f\u00f6r att boka tid eller om du har fr\u00e5gor om den terapi jag kan erbjuda!<br><br>Skicka ett mail till <strong>ilon.dirdal.terapi@gmail.com<\/strong> eller fyll i formul\u00e4ret nedan.<br><br>Jag \u00e5terkommer till dig inom n\u00e5gra dagar!<\/p>\n<\/div><\/div><\/div>\n<\/div><\/div>\n\n\n<div class=\"frm_forms  with_frm_style frm_style_formidables-stilmall\" id=\"frm_form_2_container\" data-token=\"7660529c9322dc934c6a551ad865e1cc\">\n<form enctype=\"multipart\/form-data\" method=\"post\" class=\"frm-show-form \" id=\"form_contact-us\" data-token=\"7660529c9322dc934c6a551ad865e1cc\">\n<div class=\"frm_form_fields \">\n<fieldset>\n<legend class=\"frm_screen_reader\">Kontaktformul\u00e4r svenska<\/legend>\r\n\r\n<div class=\"frm_fields_container\">\n<input type=\"hidden\" name=\"frm_action\" value=\"create\" \/>\n<input type=\"hidden\" name=\"form_id\" value=\"2\" \/>\n<input type=\"hidden\" name=\"frm_hide_fields_2\" id=\"frm_hide_fields_2\" value=\"\" \/>\n<input type=\"hidden\" name=\"form_key\" value=\"contact-us\" \/>\n<input type=\"hidden\" name=\"item_meta[0]\" value=\"\" \/>\n<input type=\"hidden\" id=\"frm_submit_entry_2\" name=\"frm_submit_entry_2\" value=\"439f8dddaa\" \/><input type=\"hidden\" name=\"_wp_http_referer\" value=\"\/index.php\/wp-json\/wp\/v2\/pages\/11\" \/><div id=\"frm_field_6_container\" class=\"frm_form_field form-field  frm_required_field frm_top_container frm12 frm_first\">\r\n    <label for=\"field_qh4icy2\" class=\"frm_primary_label\">Namn\r\n        <span class=\"frm_required\">*<\/span>\r\n    <\/label>\r\n    <input type=\"text\" id=\"field_qh4icy2\" name=\"item_meta[6]\" value=\"\"  data-reqmsg=\"Namn cannot be blank.\" aria-required=\"true\" data-invmsg=\"Namn \u00e4r ogiltigt\" aria-invalid=\"false\"  \/>\r\n    \r\n    \r\n<\/div>\n<div id=\"frm_field_8_container\" class=\"frm_form_field form-field  frm_required_field frm_top_container frm_full\">\r\n    <label for=\"field_29yf4d2\" class=\"frm_primary_label\">Epost\r\n        <span class=\"frm_required\">*<\/span>\r\n    <\/label>\r\n    <input type=\"email\" id=\"field_29yf4d2\" name=\"item_meta[8]\" value=\"\"  data-reqmsg=\"Epost cannot be blank.\" aria-required=\"true\" data-invmsg=\"Please enter a valid email address\" aria-invalid=\"false\"  \/>\r\n    \r\n    \r\n<\/div>\n<div id=\"frm_field_10_container\" class=\"frm_form_field form-field  frm_required_field frm_top_container frm_full\">\r\n    <label for=\"field_9jv0r12\" class=\"frm_primary_label\">Meddelande\r\n        <span class=\"frm_required\">*<\/span>\r\n    <\/label>\r\n    <textarea name=\"item_meta[10]\" id=\"field_9jv0r12\" rows=\"5\"  data-reqmsg=\"Meddelande cannot be blank.\" aria-required=\"true\" data-invmsg=\"Meddelande is invalid\" aria-invalid=\"false\"  ><\/textarea>\r\n    \r\n    \r\n<\/div>\n<div id=\"frm_field_11_container\" class=\"frm_form_field form-field \">\r\n\t<div class=\"frm_submit\">\r\n\r\n<button class=\"frm_button_submit\" type=\"submit\" >Skicka<\/button>\r\n\r\n<\/div>\r\n<\/div>\n\t<input type=\"hidden\" name=\"item_key\" value=\"\" \/>\n\t\t\t<div id=\"frm_field_18_container\">\n\t\t\t<label for=\"field_iptgn\" >\n\t\t\t\tIf you are human, leave this field blank.\t\t\t<\/label>\n\t\t\t<input  id=\"field_iptgn\" type=\"text\" class=\"frm_form_field form-field frm_verify\" name=\"item_meta[18]\" value=\"\"  \/>\n\t\t<\/div>\n\t\t<input name=\"frm_state\" type=\"hidden\" value=\"d\/iJnd22fPVG4YVOSaz\/gtrMj2lyyja7nE0SUqWSoA0=\" \/><\/div>\n<\/fieldset>\n<\/div>\n\n<p style=\"display: none !important;\" class=\"akismet-fields-container\" data-prefix=\"ak_\"><label>&#916;<textarea name=\"ak_hp_textarea\" cols=\"45\" rows=\"8\" maxlength=\"100\"><\/textarea><\/label><input type=\"hidden\" id=\"ak_js_1\" name=\"ak_js\" value=\"26\"\/><script>document.getElementById( \"ak_js_1\" ).setAttribute( \"value\", ( new Date() ).getTime() );<\/script><\/p><\/form>\n<\/div>\n\n\n\n<div class=\"wp-block-stackable-image stk-block-image has-text-align-left stk-block stk-1aaaba3\" data-block-id=\"1aaaba3\"><style>.stk-1aaaba3 {padding-top:var(--stk--preset--spacing--none, 0px) !important;margin-top:var(--stk--preset--spacing--80, 5.06rem) !important;}.stk-1aaaba3 .stk-img-wrapper{width:42px !important;}<\/style><figure><a class=\"stk-link\" href=\"https:\/\/www.instagram.com\/ilondirdalterapi\" target=\"_blank\" rel=\"noreferrer noopener\"><span class=\"stk-img-wrapper stk-image--shape-stretch\"><img loading=\"lazy\" decoding=\"async\" class=\"stk-img wp-image-319\" src=\"https:\/\/ilondirdal.se\/wp-content\/uploads\/2026\/03\/Instagram.png\" width=\"512\" height=\"512\" alt=\"Instagram Ilon Dirdal\" srcset=\"https:\/\/ilondirdal.se\/wp-content\/uploads\/2026\/03\/Instagram.png 512w, https:\/\/ilondirdal.se\/wp-content\/uploads\/2026\/03\/Instagram-300x300.png 300w, https:\/\/ilondirdal.se\/wp-content\/uploads\/2026\/03\/Instagram-150x150.png 150w\" sizes=\"auto, (max-width: 512px) 100vw, 512px\" \/><\/span><\/a><\/figure><\/div>\n\n\n\n<p><\/p>\n","protected":false},"excerpt":{"rendered":"<p>Samtalen sker online eller p\u00e5 Marketenteriv\u00e4gen 3 i G\u00f6teborg, i ett tillg\u00e4ngligt och NPF-v\u00e4nligt rum. Varmt v\u00e4lkommen att h\u00f6ra av dig f\u00f6r att boka tid eller om du har fr\u00e5gor om den terapi jag kan erbjuda! Skicka ett mail till ilon.dirdal.terapi@gmail.com eller fyll i formul\u00e4ret nedan. Jag \u00e5terkommer till dig inom n\u00e5gra dagar!<\/p>\n","protected":false},"author":1,"featured_media":0,"parent":0,"menu_order":0,"comment_status":"closed","ping_status":"closed","template":"","meta":{"footnotes":""},"class_list":["post-11","page","type-page","status-publish","hentry"],"blocksy_meta":[],"featured_image_src":"","featured_image_src_square":false,"rbea_author_info":{"display_name":"ilon","author_link":"https:\/\/ilondirdal.se\/author\/ilon\/"},"rbea_excerpt_info":"Samtalen sker online eller p\u00e5 Marketenteriv\u00e4gen 3 i G\u00f6teborg, i ett tillg\u00e4ngligt och NPF-v\u00e4nligt rum. Varmt v\u00e4lkommen att h\u00f6ra av dig f\u00f6r att boka tid eller om du har fr\u00e5gor om den terapi jag kan erbjuda! Skicka ett mail till ilon.dirdal.terapi@gmail.com eller fyll i formul\u00e4ret nedan. Jag \u00e5terkommer till dig inom n\u00e5gra dagar!","_links":{"self":[{"href":"https:\/\/ilondirdal.se\/index.php\/wp-json\/wp\/v2\/pages\/11","targetHints":{"allow":["GET"]}}],"collection":[{"href":"https:\/\/ilondirdal.se\/index.php\/wp-json\/wp\/v2\/pages"}],"about":[{"href":"https:\/\/ilondirdal.se\/index.php\/wp-json\/wp\/v2\/types\/page"}],"author":[{"embeddable":true,"href":"https:\/\/ilondirdal.se\/index.php\/wp-json\/wp\/v2\/users\/1"}],"replies":[{"embeddable":true,"href":"https:\/\/ilondirdal.se\/index.php\/wp-json\/wp\/v2\/comments?post=11"}],"version-history":[{"count":33,"href":"https:\/\/ilondirdal.se\/index.php\/wp-json\/wp\/v2\/pages\/11\/revisions"}],"predecessor-version":[{"id":489,"href":"https:\/\/ilondirdal.se\/index.php\/wp-json\/wp\/v2\/pages\/11\/revisions\/489"}],"wp:attachment":[{"href":"https:\/\/ilondirdal.se\/index.php\/wp-json\/wp\/v2\/media?parent=11"}],"curies":[{"name":"wp","href":"https:\/\/api.w.org\/{rel}","templated":true}]}}