{"id":13,"date":"2026-02-20T09:06:47","date_gmt":"2026-02-20T09:06:47","guid":{"rendered":"https:\/\/unicorn.twimp.se\/ilon\/wordpress\/?page_id=13"},"modified":"2026-04-01T18:51:19","modified_gmt":"2026-04-01T18:51:19","slug":"om-mig","status":"publish","type":"page","link":"https:\/\/ilondirdal.se\/index.php\/om-mig\/","title":{"rendered":"Om mig"},"content":{"rendered":"\n<div class=\"wp-block-stackable-columns stk-block-columns stk-block stk-95766fc\" data-block-id=\"95766fc\"><div class=\"stk-row stk-inner-blocks stk-block-content stk-content-align stk-95766fc-column\">\n<div class=\"wp-block-stackable-column stk-block-column stk-column stk-block stk-0f21d07\" data-v=\"4\" data-block-id=\"0f21d07\"><div class=\"stk-column-wrapper stk-block-column__content stk-container stk-0f21d07-container stk--no-background stk--no-padding\"><div class=\"stk-block-content stk-inner-blocks stk-0f21d07-inner-blocks\">\n<figure class=\"wp-block-image size-large\"><img loading=\"lazy\" decoding=\"async\" width=\"683\" height=\"1024\" src=\"https:\/\/unicorn.twimp.se\/ilon\/wordpress\/wp-content\/uploads\/2026\/02\/queer_samtalsterapi-683x1024.jpeg\" alt=\"\" class=\"wp-image-44\" srcset=\"https:\/\/ilondirdal.se\/wp-content\/uploads\/2026\/02\/queer_samtalsterapi-683x1024.jpeg 683w, https:\/\/ilondirdal.se\/wp-content\/uploads\/2026\/02\/queer_samtalsterapi-200x300.jpeg 200w, https:\/\/ilondirdal.se\/wp-content\/uploads\/2026\/02\/queer_samtalsterapi-768x1152.jpeg 768w, https:\/\/ilondirdal.se\/wp-content\/uploads\/2026\/02\/queer_samtalsterapi-1024x1536.jpeg 1024w, https:\/\/ilondirdal.se\/wp-content\/uploads\/2026\/02\/queer_samtalsterapi.jpeg 1184w\" sizes=\"auto, (max-width: 683px) 100vw, 683px\" \/><\/figure>\n<\/div><\/div><\/div>\n\n\n\n<div class=\"wp-block-stackable-column stk-block-column stk-column stk-block stk-2b7dbf5\" data-v=\"4\" data-block-id=\"2b7dbf5\"><div class=\"stk-column-wrapper stk-block-column__content stk-container stk-2b7dbf5-container stk--no-background stk--no-padding\"><div class=\"stk-block-content stk-inner-blocks stk-2b7dbf5-inner-blocks\">\n<p>Jag \u00e4r socionom och steg 1-terapeut med inriktning bildterapi och mer \u00e4n 12 \u00e5rs erfarenhet av samtalsst\u00f6d till b\u00e5de barn, ungdomar och vuxna, bland annat som kurator p\u00e5 RFSL G\u00f6teborg. <br><br>Som trans och queer m\u00f6ter jag dig med b\u00e5de professionell kompetens och levd f\u00f6rst\u00e5else. <\/p>\n\n\n\n<p>Jag v\u00e4xte upp i Norge och har bott i Sverige sedan jag var 18 \u00e5r. Efter m\u00e5nga \u00e5rs konststudier gick jag socionomprogrammet och senare steg-1 psykoterapi med inriktning bildterapi. <br><br>Samtalen hos mig kan vara p\u00e5 svenska, norska eller engelska.<\/p>\n<\/div><\/div><\/div>\n<\/div><\/div>\n","protected":false},"excerpt":{"rendered":"<p>Jag \u00e4r socionom och steg 1-terapeut med inriktning bildterapi och mer \u00e4n 12 \u00e5rs erfarenhet av samtalsst\u00f6d till b\u00e5de barn, ungdomar och vuxna, bland annat som kurator p\u00e5 RFSL G\u00f6teborg. Som trans och queer m\u00f6ter jag dig med b\u00e5de professionell kompetens och levd f\u00f6rst\u00e5else. Jag v\u00e4xte upp i Norge och har bott i Sverige sedan [&hellip;]<\/p>\n","protected":false},"author":1,"featured_media":0,"parent":0,"menu_order":0,"comment_status":"closed","ping_status":"closed","template":"","meta":{"footnotes":""},"class_list":["post-13","page","type-page","status-publish","hentry"],"blocksy_meta":[],"featured_image_src":"","featured_image_src_square":false,"rbea_author_info":{"display_name":"ilon","author_link":"https:\/\/ilondirdal.se\/author\/ilon\/"},"rbea_excerpt_info":"Jag \u00e4r socionom och steg 1-terapeut med inriktning bildterapi och mer \u00e4n 12 \u00e5rs erfarenhet av samtalsst\u00f6d till b\u00e5de barn, ungdomar och vuxna, bland annat som kurator p\u00e5 RFSL G\u00f6teborg. Som trans och queer m\u00f6ter jag dig med b\u00e5de professionell kompetens och levd f\u00f6rst\u00e5else. Jag v\u00e4xte upp i Norge och har bott i Sverige sedan [&hellip;]","_links":{"self":[{"href":"https:\/\/ilondirdal.se\/index.php\/wp-json\/wp\/v2\/pages\/13","targetHints":{"allow":["GET"]}}],"collection":[{"href":"https:\/\/ilondirdal.se\/index.php\/wp-json\/wp\/v2\/pages"}],"about":[{"href":"https:\/\/ilondirdal.se\/index.php\/wp-json\/wp\/v2\/types\/page"}],"author":[{"embeddable":true,"href":"https:\/\/ilondirdal.se\/index.php\/wp-json\/wp\/v2\/users\/1"}],"replies":[{"embeddable":true,"href":"https:\/\/ilondirdal.se\/index.php\/wp-json\/wp\/v2\/comments?post=13"}],"version-history":[{"count":13,"href":"https:\/\/ilondirdal.se\/index.php\/wp-json\/wp\/v2\/pages\/13\/revisions"}],"predecessor-version":[{"id":440,"href":"https:\/\/ilondirdal.se\/index.php\/wp-json\/wp\/v2\/pages\/13\/revisions\/440"}],"wp:attachment":[{"href":"https:\/\/ilondirdal.se\/index.php\/wp-json\/wp\/v2\/media?parent=13"}],"curies":[{"name":"wp","href":"https:\/\/api.w.org\/{rel}","templated":true}]}}