{"id":17,"date":"2026-02-20T06:33:23","date_gmt":"2026-02-20T06:33:23","guid":{"rendered":"https:\/\/unicorn.twimp.se\/ilon\/wordpress\/?page_id=17"},"modified":"2026-03-27T20:03:42","modified_gmt":"2026-03-27T20:03:42","slug":"vad-jag-erbjuder","status":"publish","type":"page","link":"https:\/\/ilondirdal.se\/index.php\/vad-jag-erbjuder\/","title":{"rendered":"Vad jag erbjuder"},"content":{"rendered":"\n<h3 class=\"wp-block-heading\">Queer terapi<\/h3>\n\n\n\n<p>Jag erbjuder hbtqia+ och transkompetent individuell queer samtalsterapi och bildterapi. <br>Hos mig m\u00f6ts du av en terapeut som sj\u00e4lv \u00e4r trans och queer. Din k\u00f6nsidentitet eller sexuella l\u00e4ggning ifr\u00e5gas\u00e4tts inte och vi kan fokusera direkt p\u00e5 det som \u00e4r viktigast f\u00f6r dig. <br>Som terapeut m\u00f6ter jag dig med respekt, nyfikenhet och lyh\u00f6rdhet.<br><br>I terapin arbetar vi med samtalsterapi och\/eller bildterapi, utifr\u00e5n dina behov. <br>Det kan exempelvis handla om:<br><br>\u25cf k\u00f6nsidentitet, k\u00f6nsuttryck och sexualitet<br>\u25cf komma-ut-processer och att leva \u00f6ppet<br>\u25cf stress, skam, skuld, r\u00e4dsla och ensamhet<br>\u25cf relationer, familj, flersamhet och relationsanarki<br>\u25cf sj\u00e4lvk\u00e4nsla, sj\u00e4lvk\u00e4rlek och gr\u00e4nss\u00e4ttning<br>\u25cf erfarenheter av diskriminering, rasism, transfobi, <br> homofobi, funkofobi, hot, hatbrott eller v\u00e5ld.<br>\u25cf k\u00f6nseufori, stolthet och minoritetsgl\u00e4dje<\/p>\n\n\n\n<p>Jag erbjuder transkompetent queer terapi f\u00f6r transpersoner. Det kan handla om:<br><br>\u25cf hantering av k\u00f6nsdysfori<br>\u25cf st\u00f6d i v\u00e5rdk\u00f6er och v\u00e5rdkontakter<br>\u25cf hj\u00e4lp att f\u00f6rst\u00e5 dina r\u00e4ttigheter<br>\u25cf st\u00f6d kring remisser<\/p>\n\n\n\n<h3 class=\"wp-block-heading\">Mer om queer bildterapi \u2013 terapi bortom orden<\/h3>\n\n\n\n<p>Queer bildterapi \u00e4r ett alternativ eller komplement till samtal. <br>Genom skapande kan till exempel k\u00e4nslor, tankar, upplevelser, erfarenheter och fr\u00e5gor uttryckas och bli lyssnade till utan krav p\u00e5 prestation. Du beh\u00f6ver ingen tidigare erfarenhet av skapande.<br><br>Bildterapi kan vara s\u00e4rskilt hj\u00e4lpsamt n\u00e4r:<br>\u25cf orden k\u00e4nns otillr\u00e4ckliga<br>\u25cf k\u00e4nslor \u00e4r sv\u00e5ra att f\u00f6rst\u00e5 eller sortera<br>\u25cf kroppen b\u00e4r p\u00e5 minnen av stress, skam eller dysfori<br>\u25cf du vill utforska k\u00f6nsidentitet, k\u00f6nseufori eller sj\u00e4lvk\u00e4nsla<\/p>\n\n\n\n<p>Bildterapi kan vara ett kreativt s\u00e4tt att utforska sj\u00e4lvbild och identitet n\u00e4r orden inte r\u00e4cker till. <br><\/p>\n\n\n\n<p><\/p>\n","protected":false},"excerpt":{"rendered":"<p>Queer terapi Jag erbjuder hbtqia+ och transkompetent individuell queer samtalsterapi och bildterapi. Hos mig m\u00f6ts du av en terapeut som sj\u00e4lv \u00e4r trans och queer. Din k\u00f6nsidentitet eller sexuella l\u00e4ggning ifr\u00e5gas\u00e4tts inte och vi kan fokusera direkt p\u00e5 det som \u00e4r viktigast f\u00f6r dig. Som terapeut m\u00f6ter jag dig med respekt, nyfikenhet och lyh\u00f6rdhet. I [&hellip;]<\/p>\n","protected":false},"author":1,"featured_media":0,"parent":0,"menu_order":0,"comment_status":"closed","ping_status":"closed","template":"","meta":{"footnotes":""},"class_list":["post-17","page","type-page","status-publish","hentry"],"blocksy_meta":[],"featured_image_src":"","featured_image_src_square":false,"rbea_author_info":{"display_name":"ilon","author_link":"https:\/\/ilondirdal.se\/author\/ilon\/"},"rbea_excerpt_info":"Queer terapi Jag erbjuder hbtqia+ och transkompetent individuell queer samtalsterapi och bildterapi. Hos mig m\u00f6ts du av en terapeut som sj\u00e4lv \u00e4r trans och queer. Din k\u00f6nsidentitet eller sexuella l\u00e4ggning ifr\u00e5gas\u00e4tts inte och vi kan fokusera direkt p\u00e5 det som \u00e4r viktigast f\u00f6r dig. Som terapeut m\u00f6ter jag dig med respekt, nyfikenhet och lyh\u00f6rdhet. I [&hellip;]","_links":{"self":[{"href":"https:\/\/ilondirdal.se\/index.php\/wp-json\/wp\/v2\/pages\/17","targetHints":{"allow":["GET"]}}],"collection":[{"href":"https:\/\/ilondirdal.se\/index.php\/wp-json\/wp\/v2\/pages"}],"about":[{"href":"https:\/\/ilondirdal.se\/index.php\/wp-json\/wp\/v2\/types\/page"}],"author":[{"embeddable":true,"href":"https:\/\/ilondirdal.se\/index.php\/wp-json\/wp\/v2\/users\/1"}],"replies":[{"embeddable":true,"href":"https:\/\/ilondirdal.se\/index.php\/wp-json\/wp\/v2\/comments?post=17"}],"version-history":[{"count":17,"href":"https:\/\/ilondirdal.se\/index.php\/wp-json\/wp\/v2\/pages\/17\/revisions"}],"predecessor-version":[{"id":362,"href":"https:\/\/ilondirdal.se\/index.php\/wp-json\/wp\/v2\/pages\/17\/revisions\/362"}],"wp:attachment":[{"href":"https:\/\/ilondirdal.se\/index.php\/wp-json\/wp\/v2\/media?parent=17"}],"curies":[{"name":"wp","href":"https:\/\/api.w.org\/{rel}","templated":true}]}}