{"id":19,"date":"2026-02-20T06:43:17","date_gmt":"2026-02-20T06:43:17","guid":{"rendered":"https:\/\/unicorn.twimp.se\/ilon\/wordpress\/?page_id=19"},"modified":"2026-04-08T10:13:39","modified_gmt":"2026-04-08T10:13:39","slug":"hem","status":"publish","type":"page","link":"https:\/\/ilondirdal.se\/","title":{"rendered":"Queer samtalsterapi &amp; bildterapi"},"content":{"rendered":"\n<p>  <strong>G\u00f6teborg eller digitalt<\/strong><\/p>\n\n\n\n<div class=\"wp-block-stackable-columns stk-block-columns stk-block stk-91f5f80\" data-block-id=\"91f5f80\"><style>.stk-91f5f80 {margin-bottom:0px !important;}@media screen and (max-width:689px){.stk-91f5f80 {max-width:1500px !important;min-width:auto !important;}}<\/style><div class=\"stk-row stk-inner-blocks stk-block-content stk-content-align stk-91f5f80-column\">\n<div class=\"wp-block-stackable-column stk-block-column stk-column stk-block stk-a08fb9f\" data-v=\"4\" data-block-id=\"a08fb9f\"><style>.stk-a08fb9f-container{margin-top:var(--stk--preset--spacing--none, 0px) !important;margin-right:var(--stk--preset--spacing--none, 0px) !important;margin-bottom:var(--stk--preset--spacing--none, 0px) !important;margin-left:var(--stk--preset--spacing--none, 0px) !important;}@media screen and (min-width:690px){.stk-a08fb9f {flex:var(--stk-flex-grow, 1) 1 calc(60% - var(--stk-column-gap, 0px) * 1 \/ 2 ) !important;}}@media screen and (max-width:689px){.stk-a08fb9f-container{margin-top:var(--stk--preset--spacing--none, 0px) !important;margin-right:var(--stk--preset--spacing--none, 0px) !important;margin-left:var(--stk--preset--spacing--none, 0px) !important;}.stk-a08fb9f {align-self:stretch !important;}}<\/style><div class=\"stk-column-wrapper stk-block-column__content stk-container stk-a08fb9f-container stk--no-background stk--no-padding\"><div class=\"has-text-align-left-mobile stk-block-content stk-inner-blocks stk-a08fb9f-inner-blocks\">\n<p style=\"padding-right:0;padding-left:0\"><strong>Att f\u00f6rst\u00e5 vem en \u00e4r innerst inne och \u00f6ppet visa sig sj\u00e4lv \u00e4r en process f\u00f6r alla m\u00e4nniskor, s\u00e4rskilt f\u00f6r oss med erfarenhet av att bryta mot normer kring k\u00f6n, k\u00f6nsuttryck eller sexuell l\u00e4ggning. <\/strong><\/p>\n\n\n\n<p class=\"@media (max-width: 781px) { :root :where(body) padding: 0 }\" style=\"padding-right:0;padding-left:0\"><strong>Har du tankar eller k\u00e4nslor om vem du \u00e4r, men saknar m\u00f6jligheten att utforska det i trygga samtal? <br>Har du b\u00f6rjat \u00f6ppna upp om vem du \u00e4r, men k\u00e4nner dig inte f\u00f6rst\u00e5dd?<\/strong><br><br>Hos mig \u00e4r din identitet alltid utg\u00e5ngspunkten \u2013 aldrig ett fr\u00e5getecken. Jag erbjuder queer terapi f\u00f6r dig som \u00e4r hbtqia+ eller som funderar \u00f6ver din sexualitet och\/eller k\u00f6nsidentitet. Du beh\u00f6ver inte f\u00f6rklara grunderna, utan vi kan fokusera direkt p\u00e5 det som \u00e4r viktigast f\u00f6r dig. <br><br>Jag \u00e4r socionom och bildterapeut, och sj\u00e4lv trans och queer. Du m\u00f6ts av b\u00e5de professionell kunskap och levd erfarenhet. Tillsammans arbetar vi f\u00f6r \u00f6kad sj\u00e4lvk\u00e4rlek, trygga gr\u00e4nser, k\u00f6nseufori och minoritetsgl\u00e4dje.<\/p>\n<\/div><\/div><\/div>\n\n\n\n<div class=\"wp-block-stackable-column stk-block-column stk-column stk-block stk-2b9b8fd\" data-v=\"4\" data-block-id=\"2b9b8fd\"><style>@media screen and (min-width:690px){.stk-2b9b8fd {flex:var(--stk-flex-grow, 1) 1 calc(40% - var(--stk-column-gap, 0px) * 1 \/ 2 ) !important;}}<\/style><div class=\"stk-column-wrapper stk-block-column__content stk-container stk-2b9b8fd-container stk--no-background stk--no-padding\"><div class=\"stk-block-content stk-inner-blocks stk-2b9b8fd-inner-blocks\">\n<figure class=\"wp-block-image size-large is-style-default\"><img loading=\"lazy\" decoding=\"async\" width=\"813\" height=\"1024\" src=\"https:\/\/unicorn.twimp.se\/ilon\/wordpress\/wp-content\/uploads\/2026\/02\/queer_terapi_bildterapi_online-e1771858990435-813x1024.jpeg\" alt=\"\" class=\"wp-image-45\" srcset=\"https:\/\/ilondirdal.se\/wp-content\/uploads\/2026\/02\/queer_terapi_bildterapi_online-e1771858990435-813x1024.jpeg 813w, https:\/\/ilondirdal.se\/wp-content\/uploads\/2026\/02\/queer_terapi_bildterapi_online-e1771858990435-238x300.jpeg 238w, https:\/\/ilondirdal.se\/wp-content\/uploads\/2026\/02\/queer_terapi_bildterapi_online-e1771858990435-768x967.jpeg 768w, https:\/\/ilondirdal.se\/wp-content\/uploads\/2026\/02\/queer_terapi_bildterapi_online-e1771858990435.jpeg 1132w\" sizes=\"auto, (max-width: 813px) 100vw, 813px\" \/><\/figure>\n\n\n\n<div class=\"wp-block-stackable-text stk-block-text stk-block stk-88f063c\" data-block-id=\"88f063c\"><p class=\"stk-block-text__text\"><\/p><\/div>\n<\/div><\/div><\/div>\n<\/div><\/div>\n\n\n\n<p class=\"has-medium-font-size\"><\/p>\n\n\n\n<p><\/p>\n\n\n\n<div class=\"wp-block-stackable-image stk-block-image stk-block stk-45123e8\" data-block-id=\"45123e8\"><style>.stk-45123e8 .stk-img-wrapper{height:350px !important;}:where(.stk-hover-parent:hover,  .stk-hover-parent.stk--is-hovered) .stk-45123e8 .stk-img-wrapper::after{background-color:#000000B3 !important;}<\/style><\/div>\n\n\n","protected":false},"excerpt":{"rendered":"<p>G\u00f6teborg eller digitalt Att f\u00f6rst\u00e5 vem en \u00e4r innerst inne och \u00f6ppet visa sig sj\u00e4lv \u00e4r en process f\u00f6r alla m\u00e4nniskor, s\u00e4rskilt f\u00f6r oss med erfarenhet av att bryta mot normer kring k\u00f6n, k\u00f6nsuttryck eller sexuell l\u00e4ggning. Har du tankar eller k\u00e4nslor om vem du \u00e4r, men saknar m\u00f6jligheten att utforska det i trygga samtal? [&hellip;]<\/p>\n","protected":false},"author":1,"featured_media":0,"parent":0,"menu_order":0,"comment_status":"closed","ping_status":"closed","template":"","meta":{"footnotes":""},"class_list":["post-19","page","type-page","status-publish","hentry"],"blocksy_meta":[],"featured_image_src":"","featured_image_src_square":false,"rbea_author_info":{"display_name":"ilon","author_link":"https:\/\/ilondirdal.se\/author\/ilon\/"},"rbea_excerpt_info":"G\u00f6teborg eller digitalt Att f\u00f6rst\u00e5 vem en \u00e4r innerst inne och \u00f6ppet visa sig sj\u00e4lv \u00e4r en process f\u00f6r alla m\u00e4nniskor, s\u00e4rskilt f\u00f6r oss med erfarenhet av att bryta mot normer kring k\u00f6n, k\u00f6nsuttryck eller sexuell l\u00e4ggning. Har du tankar eller k\u00e4nslor om vem du \u00e4r, men saknar m\u00f6jligheten att utforska det i trygga samtal? [&hellip;]","_links":{"self":[{"href":"https:\/\/ilondirdal.se\/index.php\/wp-json\/wp\/v2\/pages\/19","targetHints":{"allow":["GET"]}}],"collection":[{"href":"https:\/\/ilondirdal.se\/index.php\/wp-json\/wp\/v2\/pages"}],"about":[{"href":"https:\/\/ilondirdal.se\/index.php\/wp-json\/wp\/v2\/types\/page"}],"author":[{"embeddable":true,"href":"https:\/\/ilondirdal.se\/index.php\/wp-json\/wp\/v2\/users\/1"}],"replies":[{"embeddable":true,"href":"https:\/\/ilondirdal.se\/index.php\/wp-json\/wp\/v2\/comments?post=19"}],"version-history":[{"count":38,"href":"https:\/\/ilondirdal.se\/index.php\/wp-json\/wp\/v2\/pages\/19\/revisions"}],"predecessor-version":[{"id":515,"href":"https:\/\/ilondirdal.se\/index.php\/wp-json\/wp\/v2\/pages\/19\/revisions\/515"}],"wp:attachment":[{"href":"https:\/\/ilondirdal.se\/index.php\/wp-json\/wp\/v2\/media?parent=19"}],"curies":[{"name":"wp","href":"https:\/\/api.w.org\/{rel}","templated":true}]}}