{"id":191,"date":"2026-03-08T11:12:54","date_gmt":"2026-03-08T11:12:54","guid":{"rendered":"https:\/\/ilondirdal.se\/?page_id=191"},"modified":"2026-03-09T21:58:59","modified_gmt":"2026-03-09T21:58:59","slug":"integritets-policy","status":"publish","type":"page","link":"https:\/\/ilondirdal.se\/index.php\/integritets-policy\/","title":{"rendered":"Integritetspolicy"},"content":{"rendered":"\n<p>I terapi \u00e4r f\u00f6rtroende och trygghet grunden f\u00f6r allt.<br>Jag v\u00e4rnar om din personliga integritet och behandlar dina uppgifter med omsorg, respekt och f\u00f6rsiktighet.<\/p>\n\n\n\n<p>H\u00e4r kan du l\u00e4sa hur jag hanterar personuppgifter b\u00e5de via hemsidan och i terapi verksamheten.<\/p>\n\n\n\n<h2 class=\"wp-block-heading\"><strong>Personuppgifter via hemsidan<\/strong><\/h2>\n\n\n\n<p>N\u00e4r du kontaktar mig via bokningsformul\u00e4r eller e-post sparas de uppgifter du sj\u00e4lv v\u00e4ljer att l\u00e4mna, till exempel:<\/p>\n\n\n\n<ul class=\"wp-block-list\">\n<li>Namn<\/li>\n\n\n\n<li>Telefonnummer<\/li>\n\n\n\n<li>E-postadress<\/li>\n\n\n\n<li>Meddelande<\/li>\n<\/ul>\n\n\n\n<p>Uppgifterna anv\u00e4nds endast f\u00f6r att:<\/p>\n\n\n\n<ul class=\"wp-block-list\">\n<li>Svara dig<\/li>\n\n\n\n<li>Boka tid<\/li>\n\n\n\n<li>Administrera v\u00e5r kontakt<\/li>\n<\/ul>\n\n\n\n<p>Jag samlar inte in fler uppgifter \u00e4n n\u00f6dv\u00e4ndigt<\/p>\n\n\n\n<h2 class=\"wp-block-heading\"><strong>Cookies<\/strong><\/h2>\n\n\n\n<p>Webbplatsen kan anv\u00e4nda n\u00f6dv\u00e4ndiga cookies f\u00f6r att fungera tekniskt.<br>De anv\u00e4nds inte f\u00f6r marknadsf\u00f6ring eller sp\u00e5rning.<\/p>\n\n\n\n<h2 class=\"wp-block-heading\"><strong>Personuppgifter i terapin<\/strong><\/h2>\n\n\n\n<p>I samband med samtalsterapi behandlas de personuppgifter som beh\u00f6vs f\u00f6r att kunna genomf\u00f6ra terapin, till exempel kontaktuppgifter och arbetsanteckningar.<\/p>\n\n\n\n<p>Jag f\u00f6r inte journal enligt patientdatalagen.<br>De anteckningar som f\u00f6rs \u00e4r minnesanteckningar som st\u00f6d f\u00f6r den terapeutiska processen.<\/p>\n\n\n\n<p>Anteckningarna:<\/p>\n\n\n\n<ul class=\"wp-block-list\">\n<li>F\u00f6rvaras i l\u00e5st sk\u00e5p<\/li>\n\n\n\n<li>I l\u00e5sta lokaler<\/li>\n\n\n\n<li>Sparas under tiden vi har kontakt<\/li>\n\n\n\n<li>Sparas i upp till sex m\u00e5nader efter avslutad kontakt men du kan v\u00e4lja att de f\u00f6rst\u00f6rs tidigare.<\/li>\n<\/ul>\n\n\n\n<p>D\u00e4refter f\u00f6rst\u00f6rs de.<br>Uppgifterna delas inte med n\u00e5gon annan utan ditt samtycke, om det inte kr\u00e4vs enligt lag.<\/p>\n\n\n\n<h2 class=\"wp-block-heading\"><strong>Betalning och bokf\u00f6ring<\/strong><\/h2>\n\n\n\n<p>Vid betalning via Swish, faktura eller bank\u00f6verf\u00f6ring behandlas de uppgifter som beh\u00f6vs f\u00f6r att genomf\u00f6ra betalningen.<br>Enligt bokf\u00f6ringslagen m\u00e5ste betalningsunderlag sparas under en viss tid.<\/p>\n\n\n\n<h2 class=\"wp-block-heading\"><strong>Hur l\u00e4nge uppgifter sparas<\/strong><\/h2>\n\n\n\n<ul class=\"wp-block-list\">\n<li>Kontakt via hemsidan sparas endast s\u00e5 l\u00e4nge det beh\u00f6vs f\u00f6r att hantera \u00e4rendet.<\/li>\n\n\n\n<li>Minnesanteckningar sparas under p\u00e5g\u00e5ende kontakt och upp till sex m\u00e5nader efter avslut.<\/li>\n\n\n\n<li>Betalningsuppgifter sparas enligt bokf\u00f6ringslagen.<\/li>\n<\/ul>\n\n\n\n<h2 class=\"wp-block-heading\"><strong>Dina r\u00e4ttigheter<\/strong><\/h2>\n\n\n\n<p>Du har r\u00e4tt att:<\/p>\n\n\n\n<ul class=\"wp-block-list\">\n<li>F\u00e5 veta vilka uppgifter som finns om dig<\/li>\n\n\n\n<li>Beg\u00e4ra r\u00e4ttelse av felaktiga uppgifter<\/li>\n\n\n\n<li>Beg\u00e4ra radering av uppgifter, i den m\u00e5n det inte finns laglig skyldighet att spara dem<\/li>\n<\/ul>\n\n\n\n<p>Om du har fr\u00e5gor \u00e4r du alltid v\u00e4lkommen att kontakta mig.<\/p>\n\n\n\n<h1 class=\"wp-block-heading\"><strong>Privacy Policy<\/strong><\/h1>\n\n\n\n<p>Trust and confidentiality are essential in therapy.<br>I treat your personal data with care, respect and discretion.<br>Below you can read how personal data is handled both through this website and within the therapy practice.<\/p>\n\n\n\n<h2 class=\"wp-block-heading\"><strong>Personal data via the website<\/strong><\/h2>\n\n\n\n<p>When you contact me through the booking form or by email, I store the information you choose to provide, such as:<\/p>\n\n\n\n<ul class=\"wp-block-list\">\n<li>Name<\/li>\n\n\n\n<li>Phone number<\/li>\n\n\n\n<li>Email address<\/li>\n\n\n\n<li>Message<\/li>\n<\/ul>\n\n\n\n<p>The information is used only to:<\/p>\n\n\n\n<ul class=\"wp-block-list\">\n<li>Respond to you<\/li>\n\n\n\n<li>Schedule appointments<\/li>\n\n\n\n<li>Manage our communication<\/li>\n<\/ul>\n\n\n\n<p>I do not collect more information than necessary.<\/p>\n\n\n\n<h2 class=\"wp-block-heading\"><strong>Cookies<\/strong><\/h2>\n\n\n\n<p>The website may use necessary cookies for technical functionality.<br>They are not used for marketing or tracking.<\/p>\n\n\n\n<h2 class=\"wp-block-heading\"><strong>Personal data in therapy<\/strong><\/h2>\n\n\n\n<p>In connection with therapy, I process the personal data necessary to carry out the sessions, such as contact details and working notes.<\/p>\n\n\n\n<p>I do not keep medical records under the Swedish Patient Data Act.<br>The notes I keep are working notes that support the therapeutic process.<\/p>\n\n\n\n<p>The notes are:<\/p>\n\n\n\n<ul class=\"wp-block-list\">\n<li>Stored in a locked cabinet<\/li>\n\n\n\n<li>In locked premises<\/li>\n\n\n\n<li>Kept during the time we are in contact<\/li>\n\n\n\n<li>Kept for up to six months after the last session, you can request for them to be destroyed earlier.<\/li>\n<\/ul>\n\n\n\n<p>After that, they are securely destroyed.<br>Your information is not shared with anyone without your consent, unless required by law.<\/p>\n\n\n\n<h2 class=\"wp-block-heading\"><strong>Payment and bookkeeping<\/strong><\/h2>\n\n\n\n<p>When you pay via Swish, invoice or bank transfer, the information necessary to complete the payment is processed.<\/p>\n\n\n\n<p>According to Swedish bookkeeping law, certain payment records must be stored for a legally required period.<\/p>\n\n\n\n<h2 class=\"wp-block-heading\"><strong>How long data is stored<\/strong><\/h2>\n\n\n\n<ul class=\"wp-block-list\">\n<li>Website contact details are stored only as long as necessary.<\/li>\n\n\n\n<li>Therapy notes are kept during our contact and for up to six months afterward.<\/li>\n\n\n\n<li>Payment records are stored according to legal requirements.<\/li>\n<\/ul>\n\n\n\n<h2 class=\"wp-block-heading\"><strong>Your rights<\/strong><\/h2>\n\n\n\n<p>You have the right to:<\/p>\n\n\n\n<ul class=\"wp-block-list\">\n<li>Request information about the data I hold about you<\/li>\n\n\n\n<li>Request correction of inaccurate data<\/li>\n\n\n\n<li>Request deletion of data, where there is no legal obligation to retain it<br><\/li>\n<\/ul>\n\n\n\n<p>If you have any questions, you are always welcome to contact me.<\/p>\n","protected":false},"excerpt":{"rendered":"<p>I terapi \u00e4r f\u00f6rtroende och trygghet grunden f\u00f6r allt.Jag v\u00e4rnar om din personliga integritet och behandlar dina uppgifter med omsorg, respekt och f\u00f6rsiktighet. H\u00e4r kan du l\u00e4sa hur jag hanterar personuppgifter b\u00e5de via hemsidan och i terapi verksamheten. Personuppgifter via hemsidan N\u00e4r du kontaktar mig via bokningsformul\u00e4r eller e-post sparas de uppgifter du sj\u00e4lv v\u00e4ljer [&hellip;]<\/p>\n","protected":false},"author":1,"featured_media":0,"parent":0,"menu_order":0,"comment_status":"closed","ping_status":"closed","template":"","meta":{"footnotes":""},"class_list":["post-191","page","type-page","status-publish","hentry"],"blocksy_meta":[],"featured_image_src":"","featured_image_src_square":false,"rbea_author_info":{"display_name":"ilon","author_link":"https:\/\/ilondirdal.se\/author\/ilon\/"},"rbea_excerpt_info":"I terapi \u00e4r f\u00f6rtroende och trygghet grunden f\u00f6r allt.Jag v\u00e4rnar om din personliga integritet och behandlar dina uppgifter med omsorg, respekt och f\u00f6rsiktighet. H\u00e4r kan du l\u00e4sa hur jag hanterar personuppgifter b\u00e5de via hemsidan och i terapi verksamheten. Personuppgifter via hemsidan N\u00e4r du kontaktar mig via bokningsformul\u00e4r eller e-post sparas de uppgifter du sj\u00e4lv v\u00e4ljer [&hellip;]","_links":{"self":[{"href":"https:\/\/ilondirdal.se\/index.php\/wp-json\/wp\/v2\/pages\/191","targetHints":{"allow":["GET"]}}],"collection":[{"href":"https:\/\/ilondirdal.se\/index.php\/wp-json\/wp\/v2\/pages"}],"about":[{"href":"https:\/\/ilondirdal.se\/index.php\/wp-json\/wp\/v2\/types\/page"}],"author":[{"embeddable":true,"href":"https:\/\/ilondirdal.se\/index.php\/wp-json\/wp\/v2\/users\/1"}],"replies":[{"embeddable":true,"href":"https:\/\/ilondirdal.se\/index.php\/wp-json\/wp\/v2\/comments?post=191"}],"version-history":[{"count":2,"href":"https:\/\/ilondirdal.se\/index.php\/wp-json\/wp\/v2\/pages\/191\/revisions"}],"predecessor-version":[{"id":206,"href":"https:\/\/ilondirdal.se\/index.php\/wp-json\/wp\/v2\/pages\/191\/revisions\/206"}],"wp:attachment":[{"href":"https:\/\/ilondirdal.se\/index.php\/wp-json\/wp\/v2\/media?parent=191"}],"curies":[{"name":"wp","href":"https:\/\/api.w.org\/{rel}","templated":true}]}}