{"id":27,"date":"2026-02-20T06:33:11","date_gmt":"2026-02-20T06:33:11","guid":{"rendered":"https:\/\/unicorn.twimp.se\/ilon\/wordpress\/?page_id=27"},"modified":"2026-04-06T22:26:42","modified_gmt":"2026-04-06T22:26:42","slug":"priser","status":"publish","type":"page","link":"https:\/\/ilondirdal.se\/index.php\/priser\/","title":{"rendered":"Priser"},"content":{"rendered":"\n<p>Queer samtalsterapi\/Bildterapi<br>50 minuter 950,-<\/p>\n\n\n\n<p>Klippkort <br>5 samtal 50 min 4500,-<br>10 samtal 50 min 8500,-<\/p>\n\n\n\n<p>Betalning sker via Swish, faktura eller bank\u00f6verf\u00f6ring.<\/p>\n\n\n\n<p>Avbokning beh\u00f6ver ske senast 24 timmar innan bokad tid. Vid sen avbokning beh\u00f6ver du betala fullt pris.<\/p>\n","protected":false},"excerpt":{"rendered":"<p>Queer samtalsterapi\/Bildterapi50 minuter 950,- Klippkort 5 samtal 50 min 4500,-10 samtal 50 min 8500,- Betalning sker via Swish, faktura eller bank\u00f6verf\u00f6ring. Avbokning beh\u00f6ver ske senast 24 timmar innan bokad tid. Vid sen avbokning beh\u00f6ver du betala fullt pris.<\/p>\n","protected":false},"author":1,"featured_media":0,"parent":0,"menu_order":0,"comment_status":"closed","ping_status":"closed","template":"","meta":{"footnotes":""},"class_list":["post-27","page","type-page","status-publish","hentry"],"blocksy_meta":[],"featured_image_src":"","featured_image_src_square":false,"rbea_author_info":{"display_name":"ilon","author_link":"https:\/\/ilondirdal.se\/author\/ilon\/"},"rbea_excerpt_info":"Queer samtalsterapi\/Bildterapi50 minuter 950,- Klippkort 5 samtal 50 min 4500,-10 samtal 50 min 8500,- Betalning sker via Swish, faktura eller bank\u00f6verf\u00f6ring. Avbokning beh\u00f6ver ske senast 24 timmar innan bokad tid. Vid sen avbokning beh\u00f6ver du betala fullt pris.","_links":{"self":[{"href":"https:\/\/ilondirdal.se\/index.php\/wp-json\/wp\/v2\/pages\/27","targetHints":{"allow":["GET"]}}],"collection":[{"href":"https:\/\/ilondirdal.se\/index.php\/wp-json\/wp\/v2\/pages"}],"about":[{"href":"https:\/\/ilondirdal.se\/index.php\/wp-json\/wp\/v2\/types\/page"}],"author":[{"embeddable":true,"href":"https:\/\/ilondirdal.se\/index.php\/wp-json\/wp\/v2\/users\/1"}],"replies":[{"embeddable":true,"href":"https:\/\/ilondirdal.se\/index.php\/wp-json\/wp\/v2\/comments?post=27"}],"version-history":[{"count":9,"href":"https:\/\/ilondirdal.se\/index.php\/wp-json\/wp\/v2\/pages\/27\/revisions"}],"predecessor-version":[{"id":465,"href":"https:\/\/ilondirdal.se\/index.php\/wp-json\/wp\/v2\/pages\/27\/revisions\/465"}],"wp:attachment":[{"href":"https:\/\/ilondirdal.se\/index.php\/wp-json\/wp\/v2\/media?parent=27"}],"curies":[{"name":"wp","href":"https:\/\/api.w.org\/{rel}","templated":true}]}}